{"id":15203,"date":"2021-12-03T11:38:43","date_gmt":"2021-12-03T10:38:43","guid":{"rendered":"https:\/\/congresso.aimn.it\/?page_id=15203"},"modified":"2026-03-04T14:20:33","modified_gmt":"2026-03-04T13:20:33","slug":"hotel","status":"publish","type":"page","link":"https:\/\/congresso.aimn.it\/index.php\/business\/hotel\/","title":{"rendered":"Prenotazioni alberghiere"},"content":{"rendered":"<div class=\"wpb-content-wrapper\"><p>[vc_row disable_element=&#8221;yes&#8221;][vc_column width=&#8221;1\/2&#8243;]<div id=\"ultimate-heading-190669f409d7927c5\" class=\"uvc-heading ult-adjust-bottom-margin ultimate-heading-190669f409d7927c5 uvc-9611  uvc-heading-default-font-sizes\" data-hspacer=\"icon_only\"  data-halign=\"left\" style=\"text-align:left\"><div class=\"uvc-main-heading ult-responsive\"  data-ultimate-target='.uvc-heading.ultimate-heading-190669f409d7927c5 h4'  data-responsive-json-new='{\"font-size\":\"\",\"line-height\":\"\"}' ><h4 style=\"--font-weight:theme;margin-bottom:20px;\">PRENOTAZIONI<\/h4><\/div><div class=\"uvc-heading-spacer icon_only\" style=\"margin-bottom:20px;\"><div class=\"ult-just-icon-wrapper  \"><div class=\"align-icon\" style=\"text-align:left;\">\n<div class=\"aio-icon advanced \"  style=\"color:#0467a3;border-style:dotted;border-color:#243d67;border-width:1px;width:50px;height:50px;line-height:50px;border-radius:500px;font-size:26px;\">\n\t<i class=\"icomoon-the7-font-the7-arrow-05\"><\/i>\n<\/div><\/div><\/div><\/div><div class=\"uvc-sub-heading ult-responsive\"  data-ultimate-target='.uvc-heading.ultimate-heading-190669f409d7927c5 .uvc-sub-heading '  data-responsive-json-new='{\"font-size\":\"\",\"line-height\":\"\"}'  style=\"font-weight:normal;\">I partecipanti e le aziende possono prenotare il soggiorno a tariffa convenzionata tramite la Segreteria Organizzativa MZ Events.<\/p>\n<p>\u00c8 stato riservato un numero adeguato di camere presso la sede dell\u2019evento.<\/p>\n<p>Il prezzo \u00e8 di:<\/p>\n<p>\u20ac 200 IVA inclusa per notte per camera DUS (doppia uso singolo) + \u20ac 3,00 city tax a notte per persona<\/p>\n<p>\u20ac 250 IVA inclusa per notte per camera Doppia + \u20ac 3,00 city tax a notte per persona<\/p>\n<p>*Le tariffe comprendono la colazione<\/p>\n<p>\u26a0\ufe0fLe camere sono disponibili solo fino ad esaurimento\u26a0\ufe0f<\/p>\n<p>&nbsp;<\/p>\n<p>Gli alloggi sono situati presso la sede dell\u2019evento:<\/p>\n<p><strong>The Nicolaus Hotel Bari<\/strong> (Cardinale Agostino Ciasca, 27, 70124 Bari BA)<\/p>\n<p><strong>Hi Hotel<\/strong> (Via Don Luigi Guanella, 15, 70124 Bari BA) &#8211; 700 mt da Nicolaus Hotel (Sede Congresso)<\/p>\n<p>&nbsp;<\/p>\n<p>Per verificare la disponibilit\u00e0, si prega di inviare una mail alla Segreteria MZ Events:<\/p>\n<p>Chiara Fiordimondo <a id=\"menur8kc\" class=\"fui-Link ___1q1shib f2hkw1w f3rmtva f1ewtqcl fyind8e f1k6fduh f1w7gpdv fk6fouc fjoy568 figsok6 f1s184ao f1mk8lai fnbmjn9 f1o700av f13mvf36 f1cmlufx f9n3di6 f1ids18y f1tx3yz7 f1deo86v f1eh06m1 f1iescvh fhgqx19 f1olyrje f1p93eir f1nev41a f1h8hb77 f1lqvz6u f10aw75t fsle3fq f17ae5zn\" title=\"mailto:infoaimn2026@mzevents.it\" href=\"mailto:infoaimn2026@mzevents.it\" target=\"_blank\" rel=\"noreferrer noopener\" aria-label=\"Collegamento infoaimn2026@mzevents.it\">infoaimn2026@mzevents.it<\/a> tel. 02\/66802323 int 937 mob. 344 1854240<\/p>\n<p>&nbsp;<\/p>\n<p>Verr\u00e0 richiesto di compilare e firmare apposito modulo di prenotazione.<\/p>\n<p>Verr\u00e0 corrisposta regolare fattura.<\/div><\/div>[\/vc_column][vc_column width=&#8221;1\/2&#8243;][vc_column_text css=&#8221;&#8221;]<strong><span style=\"color: #0467a3;\">MODALITA&#8217; DI PAGAMENTO<\/span><\/strong><\/p>\n<p><span data-teams=\"true\">Il pagamento dell\u2019intero importo dovr\u00e0 essere effettuato non appena la Segreteria MZ avr\u00e0 validato la sua richiesta e le avr\u00e0 inviato le istruzioni necessarie per procedere con la modalit\u00e0 di pagamento selezionata (Bonifico o Carta di Credito). In caso di mancata ricezione del pagamento entro 10 giorni gli spazi verranno rilasciati.<\/span>[\/vc_column_text][vc_empty_space][\/vc_column][\/vc_row][vc_row disable_element=&#8221;yes&#8221;][vc_column width=&#8221;1\/2&#8243;]<div id=\"ultimate-heading-849069f409d792859\" class=\"uvc-heading ult-adjust-bottom-margin ultimate-heading-849069f409d792859 uvc-3482  uvc-heading-default-font-sizes\" data-hspacer=\"icon_only\"  data-halign=\"left\" style=\"text-align:left\"><div class=\"uvc-main-heading ult-responsive\"  data-ultimate-target='.uvc-heading.ultimate-heading-849069f409d792859 h4'  data-responsive-json-new='{\"font-size\":\"\",\"line-height\":\"\"}' ><h4 style=\"--font-weight:theme;margin-bottom:20px;\">Prenotazioni<\/h4><\/div><div class=\"uvc-heading-spacer icon_only\" style=\"margin-bottom:20px;\"><div class=\"ult-just-icon-wrapper  \"><div class=\"align-icon\" style=\"text-align:left;\">\n<div class=\"aio-icon advanced \"  style=\"color:#0467a3;border-style:dotted;border-color:#243d67;border-width:1px;width:50px;height:50px;line-height:50px;border-radius:500px;font-size:26px;\">\n\t<i class=\"icomoon-the7-font-the7-arrow-05\"><\/i>\n<\/div><\/div><\/div><\/div><div class=\"uvc-sub-heading ult-responsive\"  data-ultimate-target='.uvc-heading.ultimate-heading-849069f409d792859 .uvc-sub-heading '  data-responsive-json-new='{\"font-size\":\"\",\"line-height\":\"\"}'  style=\"font-weight:normal;\">Per informazioni sugli hotel disponibili e\/o prenotazioni alberghiere per <strong>AIMN 2024 &#8211;<\/strong> <strong>XVI Congresso Nazionale AIMN, <\/strong>vi invitiamo a contattare <strong>MICO Dmc<\/strong>, Official Housing Bureau dell\u2019evento.<\/p>\n<p style=\"text-align: left;\">Di seguito i nostri riferimenti:<\/p>\n<p><\/div><\/div>[vc_single_image image=&#8221;15918&#8243; img_size=&#8221;&#8221;][vc_column_text css=&#8221;.vc_custom_1710149505122{padding-bottom: 40px !important;}&#8221;]<strong>MiCodmc<\/strong><\/p>\n<p>P.le Carlo Magno 1 &#8211; 20149 Milan \u2013 Italy<\/p>\n<p>Tel. +39 02 4997 6275<\/p>\n<p>e-mail: <a href=\"mailto:hotel.aimn2024@micodmc.it\">hotel.aimn2024@micodmc.it<\/a><\/p>\n<p>&nbsp;<\/p>\n<p>In occasione del congresso AIMN 2024 &#8211; XVI Congresso Nazionale AIMN, \u00e8 stato opzionato un numero di camere a tariffa preferenziale in hotel di diversa categoria e range di prezzi.<\/p>\n<p>A causa del numero limitato di camere disponibili, \u00e8 consigliabile effettuare la prenotazione il prima possibile per avere maggior possibilit\u00e0 di scelta tra gli hotel proposti.[\/vc_column_text][\/vc_column][vc_column width=&#8221;1\/2&#8243;][vc_column_text]<strong>CONTRIBUTO DI SOGGIORNO DEL COMUNE DI MILANO<\/strong><\/p>\n<p>A partire dal 1\u00b0 settembre 2012, il Comune di Milano ha introdotto una Tassa di Soggiorno a carico dei turisti che soggiorneranno nella citt\u00e0.<\/p>\n<ul>\n<li>\u20ac 5,00 per persona per notte per coloro che soggiornano in hotel 5 e 4 stelle<\/li>\n<li>\u20ac 4,50 per persona per notte per coloro che soggiornano in hotel 3 stelle<\/li>\n<\/ul>\n<p>[\/vc_column_text][vc_empty_space]<div class=\" ubtn-ctn-left \"><a class=\"ubtn-link ult-adjust-bottom-margin ubtn-left ubtn-normal \" href=\"https:\/\/book.micodmc.it\/aimn2024\/it\" target=\"_blank\" rel=\"noopener\" ><button type=\"button\" id=\"ubtn-8101\"  class=\"ubtn ult-adjust-bottom-margin ult-responsive ubtn-normal ubtn-no-hover-bg  none  ubtn-left   tooltip-69f409d79288a\"  data-hover=\"\" data-border-color=\"\" data-bg=\"#0467a3\" data-hover-bg=\"\" data-border-hover=\"\" data-shadow-hover=\"\" data-shadow-click=\"none\" data-shadow=\"\" data-shd-shadow=\"\"  data-ultimate-target='#ubtn-8101'  data-responsive-json-new='{\"font-size\":\"desktop:18px;\",\"line-height\":\"\"}'  style=\"font-weight:bold;border:none;background: #0467a3;color: #ffffff;\"><span class=\"ubtn-hover\" style=\"background-color:\"><\/span><span class=\"ubtn-data ubtn-text \" >PRENOTAZIONI PER INDIVIDUALI \u2013 fino a 5 camere<\/span><\/button><\/a><\/div>[vc_empty_space][vc_column_text]<strong>\u00a0<\/strong><strong><u>PRENOTAZIONI PER GRUPPI \u2013 da 6 camere in poi<\/u><\/strong><\/p>\n<p>Le prenotazioni di 6 o pi\u00f9 camere verranno gestite in base ad appositi contratti e condizioni.<\/p>\n<p>Per inoltrare una richiesta di prenotazione gruppo, per favore contattare MiCo dmc via e-mail all\u2019indirizzo <a href=\"mailto:hotel.aimn2024@micodmc.it\">hotel.aimn2024@micodmc.it<\/a> fornendo informazioni in merito al numero di camera richieste, categoria dell\u2019hotel, e preferenza di area\/hotel qualora fosse possibile.<\/p>\n<p>N.B: Le prenotazioni via telefono non verranno accettate.[\/vc_column_text][\/vc_column][\/vc_row][vc_row disable_element=&#8221;yes&#8221; css=&#8221;.vc_custom_1764599770729{border-top-width: 2px !important;border-right-width: 2px !important;border-bottom-width: 2px !important;border-left-width: 2px !important;border-left-style: solid !important;border-right-style: solid !important;border-top-style: solid !important;border-bottom-style: solid !important;border-radius: 2px !important;border-color: #1e73be !important;}&#8221;][vc_column][vc_column_text css=&#8221;.vc_custom_1706282578425{padding-top: 30px !important;padding-bottom: 30px !important;}&#8221;]<strong><u>SOLUZIONI LOW BUDGET<\/u><\/strong><\/p>\n<p>Milano offre un&#8217;ampia scelta di soluzioni di alloggio a basso costo: Bed and Breakfast\/Guest House, Ostelli, Residenze. Pi\u00f9 di 4.000 camere sono disponibili nei campus universitari in base al calendario universitario.<\/p>\n<p>Gli ostelli di Milano dispongono di oltre 500 camere singole\/doppie\/multiple da \u20ac 18,00 a \u20ac 40,00 per persona a notte <a href=\"http:\/\/www.hostelworld.com\">www.hostelworld.com<\/a><\/p>\n<p>Airbnb propone oltre 400 soluzioni a partire da \u20ac 30,00 a notte per camera. Anno dopo anno vengono aggiunti in media 70\/100 nuovi alloggi su questa piattaforma.<\/p>\n<p>Il costo degli appartamenti varia da \u20ac 60,00 a notte e aumenta per gli appartamenti in zone centrali e di tendenza.[\/vc_column_text][\/vc_column][\/vc_row][vc_row css=&#8221;.vc_custom_1772630418123{margin-top: 30px !important;margin-bottom: 30px !important;border-radius: 2px !important;border-color: #1e73be !important;}&#8221;][vc_column][vc_raw_html css=&#8221;&#8221;]JTNDc2NyaXB0JTIwdHlwZSUzRCUyMm1vZHVsZSUyMiUyMHNyYyUzRCUyMmh0dHBzJTNBJTJGJTJGaG90ZWxzLm1pY29kbWMuaXQlMkZIb3RlbFZ1ZSUyRmFzc2V0cyUyRmluZGV4LmpzJTNGdiUzRDExJTIyJTIwY3Jvc3NvcmlnaW4lM0QlMjJhbm9teW1vdXMlMjIlM0UlM0MlMkZzY3JpcHQlM0UlMEQlMEElM0NsaW5rJTIwcmVsJTNEJTIyc3R5bGVzaGVldCUyMiUyMGhyZWYlM0QlMjJodHRwcyUzQSUyRiUyRmhvdGVscy5taWNvZG1jLml0JTJGSG90ZWxWdWUlMkZhc3NldHMlMkZpbmRleC5jc3MlM0Z2JTNEMTElMjIlMjBjcm9zc29yaWdpbiUzRCUyMmFub215bW91cyUyMiUzRSUwRCUwQSUzQ2RpdiUyMGlkJTNEJTIyaG90ZWwtdnVlJTIyJTIwZGF0YS1lJTNEJTIyYWltbjIwMjYlMjIlMjBkYXRhLWwlM0QlMjJpdCUyMiUyMGRhdGEtYnUlM0QlMjJodHRwcyUzQSUyRiUyRmhvdGVscy5taWNvZG1jLml0JTJGSG90ZWxWdWUlMkYlMjIlMjBkYXRhLWF1JTNEJTIyaHR0cHMlM0ElMkYlMkZzdmMubWljb2RtYy5pdCUyRkhvdGVsVnVlQXBpJTJGSW5kaXZpZHVhbHMlMkYlMjIlMjBkYXRhJTAyc2ElM0QlMjIwJTIyJTNFJTI2JTIzNjAlM0IlMkZkaXY=[\/vc_raw_html][\/vc_column][\/vc_row]<\/p>\n<\/div>","protected":false},"excerpt":{"rendered":"<p>[vc_row disable_element=&#8221;yes&#8221;][vc_column width=&#8221;1\/2&#8243;][\/vc_column][vc_column width=&#8221;1\/2&#8243;][vc_column_text css=&#8221;&#8221;]MODALITA&#8217; DI PAGAMENTO Il pagamento dell\u2019intero importo dovr\u00e0 essere effettuato non appena la Segreteria MZ avr\u00e0 validato la sua richiesta e le avr\u00e0 inviato le istruzioni necessarie per procedere con la modalit\u00e0 di pagamento selezionata (Bonifico o Carta di Credito). In caso di mancata ricezione del pagamento entro 10 giorni gli&hellip;<\/p>\n","protected":false},"author":1,"featured_media":0,"parent":14785,"menu_order":0,"comment_status":"closed","ping_status":"closed","template":"","meta":{"footnotes":""},"class_list":["post-15203","page","type-page","status-publish","hentry","description-off"],"_links":{"self":[{"href":"https:\/\/congresso.aimn.it\/index.php\/wp-json\/wp\/v2\/pages\/15203","targetHints":{"allow":["GET"]}}],"collection":[{"href":"https:\/\/congresso.aimn.it\/index.php\/wp-json\/wp\/v2\/pages"}],"about":[{"href":"https:\/\/congresso.aimn.it\/index.php\/wp-json\/wp\/v2\/types\/page"}],"author":[{"embeddable":true,"href":"https:\/\/congresso.aimn.it\/index.php\/wp-json\/wp\/v2\/users\/1"}],"replies":[{"embeddable":true,"href":"https:\/\/congresso.aimn.it\/index.php\/wp-json\/wp\/v2\/comments?post=15203"}],"version-history":[{"count":11,"href":"https:\/\/congresso.aimn.it\/index.php\/wp-json\/wp\/v2\/pages\/15203\/revisions"}],"predecessor-version":[{"id":16337,"href":"https:\/\/congresso.aimn.it\/index.php\/wp-json\/wp\/v2\/pages\/15203\/revisions\/16337"}],"up":[{"embeddable":true,"href":"https:\/\/congresso.aimn.it\/index.php\/wp-json\/wp\/v2\/pages\/14785"}],"wp:attachment":[{"href":"https:\/\/congresso.aimn.it\/index.php\/wp-json\/wp\/v2\/media?parent=15203"}],"curies":[{"name":"wp","href":"https:\/\/api.w.org\/{rel}","templated":true}]}}